{"id":12599,"date":"2023-09-09T14:13:43","date_gmt":"2023-09-09T11:13:43","guid":{"rendered":"http:\/\/tugraotocikma.com\/?post_type=product&#038;p=12599"},"modified":"2023-09-09T14:13:44","modified_gmt":"2023-09-09T11:13:44","slug":"toyota-corolla-auris-yaris-1-33-benzinli-kulbutor-kapagi-2011-2018-1-33-toyota-kulburutor-kapagi","status":"publish","type":"product","link":"https:\/\/tugraotocikma.com\/index.php\/product\/toyota-corolla-auris-yaris-1-33-benzinli-kulbutor-kapagi-2011-2018-1-33-toyota-kulburutor-kapagi\/","title":{"rendered":"Toyota Corolla Auris Yaris 1.33 Benzinli K\u00fclb\u00fct\u00f6r Kapa\u011f\u0131 2011 2018 1.33 Toyota K\u00fclb\u00fcr\u00fct\u00f6r kapa\u011f\u0131"},"content":{"rendered":"","protected":false},"excerpt":{"rendered":"","protected":false},"featured_media":12600,"template":"","meta":[],"product_brand":[],"product_cat":[525,527,15,490,528],"product_tag":[],"class_list":{"0":"post-12599","1":"product","2":"type-product","3":"status-publish","4":"has-post-thumbnail","6":"product_cat-auris","7":"product_cat-corolla","8":"product_cat-diger","9":"product_cat-toyota","10":"product_cat-yaris","12":"first","13":"instock","14":"shipping-taxable","15":"product-type-simple"},"_links":{"self":[{"href":"https:\/\/tugraotocikma.com\/index.php\/wp-json\/wp\/v2\/product\/12599","targetHints":{"allow":["GET"]}}],"collection":[{"href":"https:\/\/tugraotocikma.com\/index.php\/wp-json\/wp\/v2\/product"}],"about":[{"href":"https:\/\/tugraotocikma.com\/index.php\/wp-json\/wp\/v2\/types\/product"}],"version-history":[{"count":0,"href":"https:\/\/tugraotocikma.com\/index.php\/wp-json\/wp\/v2\/product\/12599\/revisions"}],"wp:featuredmedia":[{"embeddable":true,"href":"https:\/\/tugraotocikma.com\/index.php\/wp-json\/wp\/v2\/media\/12600"}],"wp:attachment":[{"href":"https:\/\/tugraotocikma.com\/index.php\/wp-json\/wp\/v2\/media?parent=12599"}],"wp:term":[{"taxonomy":"product_brand","embeddable":true,"href":"https:\/\/tugraotocikma.com\/index.php\/wp-json\/wp\/v2\/product_brand?post=12599"},{"taxonomy":"product_cat","embeddable":true,"href":"https:\/\/tugraotocikma.com\/index.php\/wp-json\/wp\/v2\/product_cat?post=12599"},{"taxonomy":"product_tag","embeddable":true,"href":"https:\/\/tugraotocikma.com\/index.php\/wp-json\/wp\/v2\/product_tag?post=12599"}],"curies":[{"name":"wp","href":"https:\/\/api.w.org\/{rel}","templated":true}]}}