{"id":12592,"date":"2023-09-09T14:10:51","date_gmt":"2023-09-09T11:10:51","guid":{"rendered":"http:\/\/tugraotocikma.com\/?post_type=product&#038;p=12592"},"modified":"2023-09-09T14:10:52","modified_gmt":"2023-09-09T11:10:52","slug":"toyota-corolla-auris-2008-2012-model-cikma-orjinal-kapi-gergisi","status":"publish","type":"product","link":"https:\/\/tugraotocikma.com\/index.php\/product\/toyota-corolla-auris-2008-2012-model-cikma-orjinal-kapi-gergisi\/","title":{"rendered":"Toyota Corolla Auris 2008 2012 Model \u00c7\u0131kma Orjinal Kap\u0131 Gergisi"},"content":{"rendered":"","protected":false},"excerpt":{"rendered":"","protected":false},"featured_media":12593,"template":"","meta":[],"product_brand":[],"product_cat":[525,527,15,490],"product_tag":[],"class_list":{"0":"post-12592","1":"product","2":"type-product","3":"status-publish","4":"has-post-thumbnail","6":"product_cat-auris","7":"product_cat-corolla","8":"product_cat-diger","9":"product_cat-toyota","11":"first","12":"instock","13":"shipping-taxable","14":"product-type-simple"},"_links":{"self":[{"href":"https:\/\/tugraotocikma.com\/index.php\/wp-json\/wp\/v2\/product\/12592","targetHints":{"allow":["GET"]}}],"collection":[{"href":"https:\/\/tugraotocikma.com\/index.php\/wp-json\/wp\/v2\/product"}],"about":[{"href":"https:\/\/tugraotocikma.com\/index.php\/wp-json\/wp\/v2\/types\/product"}],"version-history":[{"count":0,"href":"https:\/\/tugraotocikma.com\/index.php\/wp-json\/wp\/v2\/product\/12592\/revisions"}],"wp:featuredmedia":[{"embeddable":true,"href":"https:\/\/tugraotocikma.com\/index.php\/wp-json\/wp\/v2\/media\/12593"}],"wp:attachment":[{"href":"https:\/\/tugraotocikma.com\/index.php\/wp-json\/wp\/v2\/media?parent=12592"}],"wp:term":[{"taxonomy":"product_brand","embeddable":true,"href":"https:\/\/tugraotocikma.com\/index.php\/wp-json\/wp\/v2\/product_brand?post=12592"},{"taxonomy":"product_cat","embeddable":true,"href":"https:\/\/tugraotocikma.com\/index.php\/wp-json\/wp\/v2\/product_cat?post=12592"},{"taxonomy":"product_tag","embeddable":true,"href":"https:\/\/tugraotocikma.com\/index.php\/wp-json\/wp\/v2\/product_tag?post=12592"}],"curies":[{"name":"wp","href":"https:\/\/api.w.org\/{rel}","templated":true}]}}