{"id":12246,"date":"2023-08-25T10:37:22","date_gmt":"2023-08-25T07:37:22","guid":{"rendered":"http:\/\/tugraotocikma.com\/?post_type=product&#038;p=12246"},"modified":"2023-08-25T10:37:23","modified_gmt":"2023-08-25T07:37:23","slug":"honda-hrv-2002-2006-cikma-orjinal-sag-far","status":"publish","type":"product","link":"https:\/\/tugraotocikma.com\/index.php\/product\/honda-hrv-2002-2006-cikma-orjinal-sag-far\/","title":{"rendered":"Honda Hrv 2002 2006 \u00c7\u0131kma Orjinal Sa\u011f Far"},"content":{"rendered":"","protected":false},"excerpt":{"rendered":"","protected":false},"featured_media":12247,"template":"","meta":[],"product_brand":[],"product_cat":[515,491],"product_tag":[],"class_list":{"0":"post-12246","1":"product","2":"type-product","3":"status-publish","4":"has-post-thumbnail","6":"product_cat-far","7":"product_cat-honda","9":"first","10":"instock","11":"shipping-taxable","12":"product-type-simple"},"_links":{"self":[{"href":"https:\/\/tugraotocikma.com\/index.php\/wp-json\/wp\/v2\/product\/12246","targetHints":{"allow":["GET"]}}],"collection":[{"href":"https:\/\/tugraotocikma.com\/index.php\/wp-json\/wp\/v2\/product"}],"about":[{"href":"https:\/\/tugraotocikma.com\/index.php\/wp-json\/wp\/v2\/types\/product"}],"version-history":[{"count":0,"href":"https:\/\/tugraotocikma.com\/index.php\/wp-json\/wp\/v2\/product\/12246\/revisions"}],"wp:featuredmedia":[{"embeddable":true,"href":"https:\/\/tugraotocikma.com\/index.php\/wp-json\/wp\/v2\/media\/12247"}],"wp:attachment":[{"href":"https:\/\/tugraotocikma.com\/index.php\/wp-json\/wp\/v2\/media?parent=12246"}],"wp:term":[{"taxonomy":"product_brand","embeddable":true,"href":"https:\/\/tugraotocikma.com\/index.php\/wp-json\/wp\/v2\/product_brand?post=12246"},{"taxonomy":"product_cat","embeddable":true,"href":"https:\/\/tugraotocikma.com\/index.php\/wp-json\/wp\/v2\/product_cat?post=12246"},{"taxonomy":"product_tag","embeddable":true,"href":"https:\/\/tugraotocikma.com\/index.php\/wp-json\/wp\/v2\/product_tag?post=12246"}],"curies":[{"name":"wp","href":"https:\/\/api.w.org\/{rel}","templated":true}]}}