{"id":12179,"date":"2023-08-23T11:17:08","date_gmt":"2023-08-23T08:17:08","guid":{"rendered":"http:\/\/tugraotocikma.com\/?post_type=product&#038;p=12179"},"modified":"2023-08-23T11:17:09","modified_gmt":"2023-08-23T08:17:09","slug":"toyota-corolla-2010-2013-model-cikma-orjinal-direksiyon-airbag-gogus-airbag","status":"publish","type":"product","link":"https:\/\/tugraotocikma.com\/index.php\/product\/toyota-corolla-2010-2013-model-cikma-orjinal-direksiyon-airbag-gogus-airbag\/","title":{"rendered":"Toyota Corolla 2010 2013 Model \u00c7\u0131kma Orjinal Direksiyon Airba\u011f G\u00f6\u011f\u00fcs Airba\u011f"},"content":{"rendered":"","protected":false},"excerpt":{"rendered":"","protected":false},"featured_media":12181,"template":"","meta":[],"product_brand":[],"product_cat":[511,527,490],"product_tag":[],"class_list":{"0":"post-12179","1":"product","2":"type-product","3":"status-publish","4":"has-post-thumbnail","6":"product_cat-airbag","7":"product_cat-corolla","8":"product_cat-toyota","10":"first","11":"instock","12":"shipping-taxable","13":"product-type-simple"},"_links":{"self":[{"href":"https:\/\/tugraotocikma.com\/index.php\/wp-json\/wp\/v2\/product\/12179","targetHints":{"allow":["GET"]}}],"collection":[{"href":"https:\/\/tugraotocikma.com\/index.php\/wp-json\/wp\/v2\/product"}],"about":[{"href":"https:\/\/tugraotocikma.com\/index.php\/wp-json\/wp\/v2\/types\/product"}],"version-history":[{"count":0,"href":"https:\/\/tugraotocikma.com\/index.php\/wp-json\/wp\/v2\/product\/12179\/revisions"}],"wp:featuredmedia":[{"embeddable":true,"href":"https:\/\/tugraotocikma.com\/index.php\/wp-json\/wp\/v2\/media\/12181"}],"wp:attachment":[{"href":"https:\/\/tugraotocikma.com\/index.php\/wp-json\/wp\/v2\/media?parent=12179"}],"wp:term":[{"taxonomy":"product_brand","embeddable":true,"href":"https:\/\/tugraotocikma.com\/index.php\/wp-json\/wp\/v2\/product_brand?post=12179"},{"taxonomy":"product_cat","embeddable":true,"href":"https:\/\/tugraotocikma.com\/index.php\/wp-json\/wp\/v2\/product_cat?post=12179"},{"taxonomy":"product_tag","embeddable":true,"href":"https:\/\/tugraotocikma.com\/index.php\/wp-json\/wp\/v2\/product_tag?post=12179"}],"curies":[{"name":"wp","href":"https:\/\/api.w.org\/{rel}","templated":true}]}}