{"id":12174,"date":"2023-08-23T11:14:03","date_gmt":"2023-08-23T08:14:03","guid":{"rendered":"http:\/\/tugraotocikma.com\/?post_type=product&#038;p=12174"},"modified":"2023-08-23T11:14:04","modified_gmt":"2023-08-23T08:14:04","slug":"honda-civic-2016-2021-model-cikma-orjinal-bagaj-kapagi","status":"publish","type":"product","link":"https:\/\/tugraotocikma.com\/index.php\/product\/honda-civic-2016-2021-model-cikma-orjinal-bagaj-kapagi\/","title":{"rendered":"Honda C\u0131v\u0131c 2016 2021 Model \u00c7\u0131kma Orjinal Bagaj Kapa\u011f\u0131"},"content":{"rendered":"","protected":false},"excerpt":{"rendered":"","protected":false},"featured_media":12175,"template":"","meta":[],"product_brand":[],"product_cat":[508,523,491],"product_tag":[],"class_list":{"0":"post-12174","1":"product","2":"type-product","3":"status-publish","4":"has-post-thumbnail","6":"product_cat-bagaj","7":"product_cat-civic","8":"product_cat-honda","10":"first","11":"instock","12":"shipping-taxable","13":"product-type-simple"},"_links":{"self":[{"href":"https:\/\/tugraotocikma.com\/index.php\/wp-json\/wp\/v2\/product\/12174","targetHints":{"allow":["GET"]}}],"collection":[{"href":"https:\/\/tugraotocikma.com\/index.php\/wp-json\/wp\/v2\/product"}],"about":[{"href":"https:\/\/tugraotocikma.com\/index.php\/wp-json\/wp\/v2\/types\/product"}],"version-history":[{"count":0,"href":"https:\/\/tugraotocikma.com\/index.php\/wp-json\/wp\/v2\/product\/12174\/revisions"}],"wp:featuredmedia":[{"embeddable":true,"href":"https:\/\/tugraotocikma.com\/index.php\/wp-json\/wp\/v2\/media\/12175"}],"wp:attachment":[{"href":"https:\/\/tugraotocikma.com\/index.php\/wp-json\/wp\/v2\/media?parent=12174"}],"wp:term":[{"taxonomy":"product_brand","embeddable":true,"href":"https:\/\/tugraotocikma.com\/index.php\/wp-json\/wp\/v2\/product_brand?post=12174"},{"taxonomy":"product_cat","embeddable":true,"href":"https:\/\/tugraotocikma.com\/index.php\/wp-json\/wp\/v2\/product_cat?post=12174"},{"taxonomy":"product_tag","embeddable":true,"href":"https:\/\/tugraotocikma.com\/index.php\/wp-json\/wp\/v2\/product_tag?post=12174"}],"curies":[{"name":"wp","href":"https:\/\/api.w.org\/{rel}","templated":true}]}}