{"id":12170,"date":"2023-08-23T11:11:57","date_gmt":"2023-08-23T08:11:57","guid":{"rendered":"http:\/\/tugraotocikma.com\/?post_type=product&#038;p=12170"},"modified":"2023-08-23T11:11:57","modified_gmt":"2023-08-23T08:11:57","slug":"honda-civic-fc5-2017-2021-model-cikma-orjinal-on-tampon","status":"publish","type":"product","link":"https:\/\/tugraotocikma.com\/index.php\/product\/honda-civic-fc5-2017-2021-model-cikma-orjinal-on-tampon\/","title":{"rendered":"Honda C\u0131v\u0131c FC5 2017 2021 Model \u00c7\u0131kma Orjinal \u00d6n Tampon"},"content":{"rendered":"","protected":false},"excerpt":{"rendered":"","protected":false},"featured_media":12171,"template":"","meta":[],"product_brand":[],"product_cat":[523,491,514],"product_tag":[],"class_list":{"0":"post-12170","1":"product","2":"type-product","3":"status-publish","4":"has-post-thumbnail","6":"product_cat-civic","7":"product_cat-honda","8":"product_cat-tampon","10":"first","11":"instock","12":"shipping-taxable","13":"product-type-simple"},"_links":{"self":[{"href":"https:\/\/tugraotocikma.com\/index.php\/wp-json\/wp\/v2\/product\/12170","targetHints":{"allow":["GET"]}}],"collection":[{"href":"https:\/\/tugraotocikma.com\/index.php\/wp-json\/wp\/v2\/product"}],"about":[{"href":"https:\/\/tugraotocikma.com\/index.php\/wp-json\/wp\/v2\/types\/product"}],"version-history":[{"count":0,"href":"https:\/\/tugraotocikma.com\/index.php\/wp-json\/wp\/v2\/product\/12170\/revisions"}],"wp:featuredmedia":[{"embeddable":true,"href":"https:\/\/tugraotocikma.com\/index.php\/wp-json\/wp\/v2\/media\/12171"}],"wp:attachment":[{"href":"https:\/\/tugraotocikma.com\/index.php\/wp-json\/wp\/v2\/media?parent=12170"}],"wp:term":[{"taxonomy":"product_brand","embeddable":true,"href":"https:\/\/tugraotocikma.com\/index.php\/wp-json\/wp\/v2\/product_brand?post=12170"},{"taxonomy":"product_cat","embeddable":true,"href":"https:\/\/tugraotocikma.com\/index.php\/wp-json\/wp\/v2\/product_cat?post=12170"},{"taxonomy":"product_tag","embeddable":true,"href":"https:\/\/tugraotocikma.com\/index.php\/wp-json\/wp\/v2\/product_tag?post=12170"}],"curies":[{"name":"wp","href":"https:\/\/api.w.org\/{rel}","templated":true}]}}