{"id":12138,"date":"2023-08-23T10:03:02","date_gmt":"2023-08-23T07:03:02","guid":{"rendered":"http:\/\/tugraotocikma.com\/?post_type=product&#038;p=12138"},"modified":"2023-08-23T10:03:03","modified_gmt":"2023-08-23T07:03:03","slug":"honda-civic-2016-2021-model-cikma-orjinal-ledli-far-fc5-led-far","status":"publish","type":"product","link":"https:\/\/tugraotocikma.com\/index.php\/product\/honda-civic-2016-2021-model-cikma-orjinal-ledli-far-fc5-led-far\/","title":{"rendered":"Honda C\u0131v\u0131c 2016 2021 Model \u00c7\u0131kma Orjinal Ledli Far FC5 Led Far"},"content":{"rendered":"","protected":false},"excerpt":{"rendered":"","protected":false},"featured_media":12139,"template":"","meta":[],"product_brand":[],"product_cat":[523,515,491],"product_tag":[],"class_list":{"0":"post-12138","1":"product","2":"type-product","3":"status-publish","4":"has-post-thumbnail","6":"product_cat-civic","7":"product_cat-far","8":"product_cat-honda","10":"first","11":"instock","12":"shipping-taxable","13":"product-type-simple"},"_links":{"self":[{"href":"https:\/\/tugraotocikma.com\/index.php\/wp-json\/wp\/v2\/product\/12138","targetHints":{"allow":["GET"]}}],"collection":[{"href":"https:\/\/tugraotocikma.com\/index.php\/wp-json\/wp\/v2\/product"}],"about":[{"href":"https:\/\/tugraotocikma.com\/index.php\/wp-json\/wp\/v2\/types\/product"}],"version-history":[{"count":0,"href":"https:\/\/tugraotocikma.com\/index.php\/wp-json\/wp\/v2\/product\/12138\/revisions"}],"wp:featuredmedia":[{"embeddable":true,"href":"https:\/\/tugraotocikma.com\/index.php\/wp-json\/wp\/v2\/media\/12139"}],"wp:attachment":[{"href":"https:\/\/tugraotocikma.com\/index.php\/wp-json\/wp\/v2\/media?parent=12138"}],"wp:term":[{"taxonomy":"product_brand","embeddable":true,"href":"https:\/\/tugraotocikma.com\/index.php\/wp-json\/wp\/v2\/product_brand?post=12138"},{"taxonomy":"product_cat","embeddable":true,"href":"https:\/\/tugraotocikma.com\/index.php\/wp-json\/wp\/v2\/product_cat?post=12138"},{"taxonomy":"product_tag","embeddable":true,"href":"https:\/\/tugraotocikma.com\/index.php\/wp-json\/wp\/v2\/product_tag?post=12138"}],"curies":[{"name":"wp","href":"https:\/\/api.w.org\/{rel}","templated":true}]}}