{"id":12114,"date":"2023-08-23T09:50:31","date_gmt":"2023-08-23T06:50:31","guid":{"rendered":"http:\/\/tugraotocikma.com\/?post_type=product&#038;p=12114"},"modified":"2023-08-23T09:50:32","modified_gmt":"2023-08-23T06:50:32","slug":"toyota-rav4-2004-2006-cikma-orjinal-sag-far","status":"publish","type":"product","link":"https:\/\/tugraotocikma.com\/index.php\/product\/toyota-rav4-2004-2006-cikma-orjinal-sag-far\/","title":{"rendered":"Toyota Rav4 2004 2006 \u00c7\u0131kma Orjinal Sa\u011f Far"},"content":{"rendered":"","protected":false},"excerpt":{"rendered":"","protected":false},"featured_media":12115,"template":"","meta":[],"product_brand":[],"product_cat":[515,557,490],"product_tag":[],"class_list":{"0":"post-12114","1":"product","2":"type-product","3":"status-publish","4":"has-post-thumbnail","6":"product_cat-far","7":"product_cat-rav4-yedek-parcalari","8":"product_cat-toyota","10":"first","11":"instock","12":"shipping-taxable","13":"product-type-simple"},"_links":{"self":[{"href":"https:\/\/tugraotocikma.com\/index.php\/wp-json\/wp\/v2\/product\/12114","targetHints":{"allow":["GET"]}}],"collection":[{"href":"https:\/\/tugraotocikma.com\/index.php\/wp-json\/wp\/v2\/product"}],"about":[{"href":"https:\/\/tugraotocikma.com\/index.php\/wp-json\/wp\/v2\/types\/product"}],"version-history":[{"count":0,"href":"https:\/\/tugraotocikma.com\/index.php\/wp-json\/wp\/v2\/product\/12114\/revisions"}],"wp:featuredmedia":[{"embeddable":true,"href":"https:\/\/tugraotocikma.com\/index.php\/wp-json\/wp\/v2\/media\/12115"}],"wp:attachment":[{"href":"https:\/\/tugraotocikma.com\/index.php\/wp-json\/wp\/v2\/media?parent=12114"}],"wp:term":[{"taxonomy":"product_brand","embeddable":true,"href":"https:\/\/tugraotocikma.com\/index.php\/wp-json\/wp\/v2\/product_brand?post=12114"},{"taxonomy":"product_cat","embeddable":true,"href":"https:\/\/tugraotocikma.com\/index.php\/wp-json\/wp\/v2\/product_cat?post=12114"},{"taxonomy":"product_tag","embeddable":true,"href":"https:\/\/tugraotocikma.com\/index.php\/wp-json\/wp\/v2\/product_tag?post=12114"}],"curies":[{"name":"wp","href":"https:\/\/api.w.org\/{rel}","templated":true}]}}