{"id":12074,"date":"2023-08-22T12:39:23","date_gmt":"2023-08-22T09:39:23","guid":{"rendered":"http:\/\/tugraotocikma.com\/?post_type=product&#038;p=12074"},"modified":"2023-08-22T12:39:24","modified_gmt":"2023-08-22T09:39:24","slug":"honda-civic-fb7-2012-2015-model-cikma-orjinal-sag-on-kapi","status":"publish","type":"product","link":"https:\/\/tugraotocikma.com\/index.php\/product\/honda-civic-fb7-2012-2015-model-cikma-orjinal-sag-on-kapi\/","title":{"rendered":"Honda C\u0131v\u0131c FB7 2012 2015 Model \u00c7\u0131kma Orjinal Sa\u011f \u00d6n Kap\u0131"},"content":{"rendered":"","protected":false},"excerpt":{"rendered":"","protected":false},"featured_media":12075,"template":"","meta":[],"product_brand":[],"product_cat":[523,491,507],"product_tag":[],"class_list":{"0":"post-12074","1":"product","2":"type-product","3":"status-publish","4":"has-post-thumbnail","6":"product_cat-civic","7":"product_cat-honda","8":"product_cat-kapi","10":"first","11":"instock","12":"shipping-taxable","13":"product-type-simple"},"_links":{"self":[{"href":"https:\/\/tugraotocikma.com\/index.php\/wp-json\/wp\/v2\/product\/12074","targetHints":{"allow":["GET"]}}],"collection":[{"href":"https:\/\/tugraotocikma.com\/index.php\/wp-json\/wp\/v2\/product"}],"about":[{"href":"https:\/\/tugraotocikma.com\/index.php\/wp-json\/wp\/v2\/types\/product"}],"version-history":[{"count":0,"href":"https:\/\/tugraotocikma.com\/index.php\/wp-json\/wp\/v2\/product\/12074\/revisions"}],"wp:featuredmedia":[{"embeddable":true,"href":"https:\/\/tugraotocikma.com\/index.php\/wp-json\/wp\/v2\/media\/12075"}],"wp:attachment":[{"href":"https:\/\/tugraotocikma.com\/index.php\/wp-json\/wp\/v2\/media?parent=12074"}],"wp:term":[{"taxonomy":"product_brand","embeddable":true,"href":"https:\/\/tugraotocikma.com\/index.php\/wp-json\/wp\/v2\/product_brand?post=12074"},{"taxonomy":"product_cat","embeddable":true,"href":"https:\/\/tugraotocikma.com\/index.php\/wp-json\/wp\/v2\/product_cat?post=12074"},{"taxonomy":"product_tag","embeddable":true,"href":"https:\/\/tugraotocikma.com\/index.php\/wp-json\/wp\/v2\/product_tag?post=12074"}],"curies":[{"name":"wp","href":"https:\/\/api.w.org\/{rel}","templated":true}]}}