{"id":12054,"date":"2023-08-22T12:22:05","date_gmt":"2023-08-22T09:22:05","guid":{"rendered":"http:\/\/tugraotocikma.com\/?post_type=product&#038;p=12054"},"modified":"2023-08-22T12:22:06","modified_gmt":"2023-08-22T09:22:06","slug":"toyota-corolla-cikma-orjinal-2010-2012-model-sag-on-far","status":"publish","type":"product","link":"https:\/\/tugraotocikma.com\/index.php\/product\/toyota-corolla-cikma-orjinal-2010-2012-model-sag-on-far\/","title":{"rendered":"Toyota Corolla \u00c7\u0131kma Orjinal 2010 2012 Model Sa\u011f \u00d6n Far"},"content":{"rendered":"","protected":false},"excerpt":{"rendered":"","protected":false},"featured_media":12055,"template":"","meta":[],"product_brand":[],"product_cat":[527,515,490],"product_tag":[],"class_list":{"0":"post-12054","1":"product","2":"type-product","3":"status-publish","4":"has-post-thumbnail","6":"product_cat-corolla","7":"product_cat-far","8":"product_cat-toyota","10":"first","11":"instock","12":"shipping-taxable","13":"product-type-simple"},"_links":{"self":[{"href":"https:\/\/tugraotocikma.com\/index.php\/wp-json\/wp\/v2\/product\/12054","targetHints":{"allow":["GET"]}}],"collection":[{"href":"https:\/\/tugraotocikma.com\/index.php\/wp-json\/wp\/v2\/product"}],"about":[{"href":"https:\/\/tugraotocikma.com\/index.php\/wp-json\/wp\/v2\/types\/product"}],"version-history":[{"count":0,"href":"https:\/\/tugraotocikma.com\/index.php\/wp-json\/wp\/v2\/product\/12054\/revisions"}],"wp:featuredmedia":[{"embeddable":true,"href":"https:\/\/tugraotocikma.com\/index.php\/wp-json\/wp\/v2\/media\/12055"}],"wp:attachment":[{"href":"https:\/\/tugraotocikma.com\/index.php\/wp-json\/wp\/v2\/media?parent=12054"}],"wp:term":[{"taxonomy":"product_brand","embeddable":true,"href":"https:\/\/tugraotocikma.com\/index.php\/wp-json\/wp\/v2\/product_brand?post=12054"},{"taxonomy":"product_cat","embeddable":true,"href":"https:\/\/tugraotocikma.com\/index.php\/wp-json\/wp\/v2\/product_cat?post=12054"},{"taxonomy":"product_tag","embeddable":true,"href":"https:\/\/tugraotocikma.com\/index.php\/wp-json\/wp\/v2\/product_tag?post=12054"}],"curies":[{"name":"wp","href":"https:\/\/api.w.org\/{rel}","templated":true}]}}