{"id":12046,"date":"2023-08-22T12:17:30","date_gmt":"2023-08-22T09:17:30","guid":{"rendered":"http:\/\/tugraotocikma.com\/?post_type=product&#038;p=12046"},"modified":"2023-08-22T12:17:31","modified_gmt":"2023-08-22T09:17:31","slug":"toyota-verso-2011-2018-model-cikma-orjinal-sag-on-kap","status":"publish","type":"product","link":"https:\/\/tugraotocikma.com\/index.php\/product\/toyota-verso-2011-2018-model-cikma-orjinal-sag-on-kap\/","title":{"rendered":"Toyota Verso 2011 2018 Model \u00c7\u0131kma Orjinal Sa\u011f \u00d6n Kap"},"content":{"rendered":"","protected":false},"excerpt":{"rendered":"","protected":false},"featured_media":12047,"template":"","meta":[],"product_brand":[],"product_cat":[507,490,561],"product_tag":[],"class_list":{"0":"post-12046","1":"product","2":"type-product","3":"status-publish","4":"has-post-thumbnail","6":"product_cat-kapi","7":"product_cat-toyota","8":"product_cat-verso","10":"first","11":"instock","12":"shipping-taxable","13":"product-type-simple"},"_links":{"self":[{"href":"https:\/\/tugraotocikma.com\/index.php\/wp-json\/wp\/v2\/product\/12046","targetHints":{"allow":["GET"]}}],"collection":[{"href":"https:\/\/tugraotocikma.com\/index.php\/wp-json\/wp\/v2\/product"}],"about":[{"href":"https:\/\/tugraotocikma.com\/index.php\/wp-json\/wp\/v2\/types\/product"}],"version-history":[{"count":0,"href":"https:\/\/tugraotocikma.com\/index.php\/wp-json\/wp\/v2\/product\/12046\/revisions"}],"wp:featuredmedia":[{"embeddable":true,"href":"https:\/\/tugraotocikma.com\/index.php\/wp-json\/wp\/v2\/media\/12047"}],"wp:attachment":[{"href":"https:\/\/tugraotocikma.com\/index.php\/wp-json\/wp\/v2\/media?parent=12046"}],"wp:term":[{"taxonomy":"product_brand","embeddable":true,"href":"https:\/\/tugraotocikma.com\/index.php\/wp-json\/wp\/v2\/product_brand?post=12046"},{"taxonomy":"product_cat","embeddable":true,"href":"https:\/\/tugraotocikma.com\/index.php\/wp-json\/wp\/v2\/product_cat?post=12046"},{"taxonomy":"product_tag","embeddable":true,"href":"https:\/\/tugraotocikma.com\/index.php\/wp-json\/wp\/v2\/product_tag?post=12046"}],"curies":[{"name":"wp","href":"https:\/\/api.w.org\/{rel}","templated":true}]}}