{"id":12044,"date":"2023-08-22T12:16:27","date_gmt":"2023-08-22T09:16:27","guid":{"rendered":"http:\/\/tugraotocikma.com\/?post_type=product&#038;p=12044"},"modified":"2023-08-22T12:16:28","modified_gmt":"2023-08-22T09:16:28","slug":"toyota-corolla-2013-2018-model-cikma-orjinal-sag-arka-kapi","status":"publish","type":"product","link":"https:\/\/tugraotocikma.com\/index.php\/product\/toyota-corolla-2013-2018-model-cikma-orjinal-sag-arka-kapi\/","title":{"rendered":"Toyota Corolla 2013 2018 Model \u00c7\u0131kma Orjinal Sa\u011f Arka Kap\u0131"},"content":{"rendered":"","protected":false},"excerpt":{"rendered":"","protected":false},"featured_media":12045,"template":"","meta":[],"product_brand":[],"product_cat":[527,507,490],"product_tag":[],"class_list":{"0":"post-12044","1":"product","2":"type-product","3":"status-publish","4":"has-post-thumbnail","6":"product_cat-corolla","7":"product_cat-kapi","8":"product_cat-toyota","10":"first","11":"instock","12":"shipping-taxable","13":"product-type-simple"},"_links":{"self":[{"href":"https:\/\/tugraotocikma.com\/index.php\/wp-json\/wp\/v2\/product\/12044","targetHints":{"allow":["GET"]}}],"collection":[{"href":"https:\/\/tugraotocikma.com\/index.php\/wp-json\/wp\/v2\/product"}],"about":[{"href":"https:\/\/tugraotocikma.com\/index.php\/wp-json\/wp\/v2\/types\/product"}],"version-history":[{"count":0,"href":"https:\/\/tugraotocikma.com\/index.php\/wp-json\/wp\/v2\/product\/12044\/revisions"}],"wp:featuredmedia":[{"embeddable":true,"href":"https:\/\/tugraotocikma.com\/index.php\/wp-json\/wp\/v2\/media\/12045"}],"wp:attachment":[{"href":"https:\/\/tugraotocikma.com\/index.php\/wp-json\/wp\/v2\/media?parent=12044"}],"wp:term":[{"taxonomy":"product_brand","embeddable":true,"href":"https:\/\/tugraotocikma.com\/index.php\/wp-json\/wp\/v2\/product_brand?post=12044"},{"taxonomy":"product_cat","embeddable":true,"href":"https:\/\/tugraotocikma.com\/index.php\/wp-json\/wp\/v2\/product_cat?post=12044"},{"taxonomy":"product_tag","embeddable":true,"href":"https:\/\/tugraotocikma.com\/index.php\/wp-json\/wp\/v2\/product_tag?post=12044"}],"curies":[{"name":"wp","href":"https:\/\/api.w.org\/{rel}","templated":true}]}}