{"id":12040,"date":"2023-08-22T12:13:59","date_gmt":"2023-08-22T09:13:59","guid":{"rendered":"http:\/\/tugraotocikma.com\/?post_type=product&#038;p=12040"},"modified":"2023-08-22T12:14:00","modified_gmt":"2023-08-22T09:14:00","slug":"toyota-auris-2007-2010-model-cikma-orjinal-on-tampon","status":"publish","type":"product","link":"https:\/\/tugraotocikma.com\/index.php\/product\/toyota-auris-2007-2010-model-cikma-orjinal-on-tampon\/","title":{"rendered":"Toyota Auris 2007 2010 Model \u00c7\u0131kma Orjinal  \u00d6n Tampon"},"content":{"rendered":"","protected":false},"excerpt":{"rendered":"","protected":false},"featured_media":12041,"template":"","meta":[],"product_brand":[],"product_cat":[525,514,490],"product_tag":[],"class_list":{"0":"post-12040","1":"product","2":"type-product","3":"status-publish","4":"has-post-thumbnail","6":"product_cat-auris","7":"product_cat-tampon","8":"product_cat-toyota","10":"first","11":"instock","12":"shipping-taxable","13":"product-type-simple"},"_links":{"self":[{"href":"https:\/\/tugraotocikma.com\/index.php\/wp-json\/wp\/v2\/product\/12040","targetHints":{"allow":["GET"]}}],"collection":[{"href":"https:\/\/tugraotocikma.com\/index.php\/wp-json\/wp\/v2\/product"}],"about":[{"href":"https:\/\/tugraotocikma.com\/index.php\/wp-json\/wp\/v2\/types\/product"}],"version-history":[{"count":0,"href":"https:\/\/tugraotocikma.com\/index.php\/wp-json\/wp\/v2\/product\/12040\/revisions"}],"wp:featuredmedia":[{"embeddable":true,"href":"https:\/\/tugraotocikma.com\/index.php\/wp-json\/wp\/v2\/media\/12041"}],"wp:attachment":[{"href":"https:\/\/tugraotocikma.com\/index.php\/wp-json\/wp\/v2\/media?parent=12040"}],"wp:term":[{"taxonomy":"product_brand","embeddable":true,"href":"https:\/\/tugraotocikma.com\/index.php\/wp-json\/wp\/v2\/product_brand?post=12040"},{"taxonomy":"product_cat","embeddable":true,"href":"https:\/\/tugraotocikma.com\/index.php\/wp-json\/wp\/v2\/product_cat?post=12040"},{"taxonomy":"product_tag","embeddable":true,"href":"https:\/\/tugraotocikma.com\/index.php\/wp-json\/wp\/v2\/product_tag?post=12040"}],"curies":[{"name":"wp","href":"https:\/\/api.w.org\/{rel}","templated":true}]}}