{"id":12013,"date":"2023-08-22T11:12:18","date_gmt":"2023-08-22T08:12:18","guid":{"rendered":"http:\/\/tugraotocikma.com\/?post_type=product&#038;p=12013"},"modified":"2023-08-22T11:12:19","modified_gmt":"2023-08-22T08:12:19","slug":"toyota-auris-cikma-orjinal-2007-2010-model-sag-on-camurluk","status":"publish","type":"product","link":"https:\/\/tugraotocikma.com\/index.php\/product\/toyota-auris-cikma-orjinal-2007-2010-model-sag-on-camurluk\/","title":{"rendered":"Toyota Auris \u00c7\u0131kma Orjinal 2007 2010 Model Sa\u011f \u00d6n \u00c7amurluk"},"content":{"rendered":"","protected":false},"excerpt":{"rendered":"","protected":false},"featured_media":12014,"template":"","meta":[],"product_brand":[],"product_cat":[525,567,490],"product_tag":[],"class_list":{"0":"post-12013","1":"product","2":"type-product","3":"status-publish","4":"has-post-thumbnail","6":"product_cat-auris","7":"product_cat-camurluk","8":"product_cat-toyota","10":"first","11":"instock","12":"shipping-taxable","13":"product-type-simple"},"_links":{"self":[{"href":"https:\/\/tugraotocikma.com\/index.php\/wp-json\/wp\/v2\/product\/12013","targetHints":{"allow":["GET"]}}],"collection":[{"href":"https:\/\/tugraotocikma.com\/index.php\/wp-json\/wp\/v2\/product"}],"about":[{"href":"https:\/\/tugraotocikma.com\/index.php\/wp-json\/wp\/v2\/types\/product"}],"version-history":[{"count":0,"href":"https:\/\/tugraotocikma.com\/index.php\/wp-json\/wp\/v2\/product\/12013\/revisions"}],"wp:featuredmedia":[{"embeddable":true,"href":"https:\/\/tugraotocikma.com\/index.php\/wp-json\/wp\/v2\/media\/12014"}],"wp:attachment":[{"href":"https:\/\/tugraotocikma.com\/index.php\/wp-json\/wp\/v2\/media?parent=12013"}],"wp:term":[{"taxonomy":"product_brand","embeddable":true,"href":"https:\/\/tugraotocikma.com\/index.php\/wp-json\/wp\/v2\/product_brand?post=12013"},{"taxonomy":"product_cat","embeddable":true,"href":"https:\/\/tugraotocikma.com\/index.php\/wp-json\/wp\/v2\/product_cat?post=12013"},{"taxonomy":"product_tag","embeddable":true,"href":"https:\/\/tugraotocikma.com\/index.php\/wp-json\/wp\/v2\/product_tag?post=12013"}],"curies":[{"name":"wp","href":"https:\/\/api.w.org\/{rel}","templated":true}]}}