{"id":12009,"date":"2023-08-22T11:02:17","date_gmt":"2023-08-22T08:02:17","guid":{"rendered":"http:\/\/tugraotocikma.com\/?post_type=product&#038;p=12009"},"modified":"2023-08-22T11:02:19","modified_gmt":"2023-08-22T08:02:19","slug":"toyota-auris-2007-2009-model-cikma-orjinal-sag-sol-far","status":"publish","type":"product","link":"https:\/\/tugraotocikma.com\/index.php\/product\/toyota-auris-2007-2009-model-cikma-orjinal-sag-sol-far\/","title":{"rendered":"Toyota Auris 2007 2009 Model \u00c7\u0131kma Orjinal Sa\u011f Sol Far"},"content":{"rendered":"","protected":false},"excerpt":{"rendered":"","protected":false},"featured_media":12010,"template":"","meta":[],"product_brand":[],"product_cat":[525,515,490],"product_tag":[],"class_list":{"0":"post-12009","1":"product","2":"type-product","3":"status-publish","4":"has-post-thumbnail","6":"product_cat-auris","7":"product_cat-far","8":"product_cat-toyota","10":"first","11":"instock","12":"shipping-taxable","13":"product-type-simple"},"_links":{"self":[{"href":"https:\/\/tugraotocikma.com\/index.php\/wp-json\/wp\/v2\/product\/12009","targetHints":{"allow":["GET"]}}],"collection":[{"href":"https:\/\/tugraotocikma.com\/index.php\/wp-json\/wp\/v2\/product"}],"about":[{"href":"https:\/\/tugraotocikma.com\/index.php\/wp-json\/wp\/v2\/types\/product"}],"version-history":[{"count":0,"href":"https:\/\/tugraotocikma.com\/index.php\/wp-json\/wp\/v2\/product\/12009\/revisions"}],"wp:featuredmedia":[{"embeddable":true,"href":"https:\/\/tugraotocikma.com\/index.php\/wp-json\/wp\/v2\/media\/12010"}],"wp:attachment":[{"href":"https:\/\/tugraotocikma.com\/index.php\/wp-json\/wp\/v2\/media?parent=12009"}],"wp:term":[{"taxonomy":"product_brand","embeddable":true,"href":"https:\/\/tugraotocikma.com\/index.php\/wp-json\/wp\/v2\/product_brand?post=12009"},{"taxonomy":"product_cat","embeddable":true,"href":"https:\/\/tugraotocikma.com\/index.php\/wp-json\/wp\/v2\/product_cat?post=12009"},{"taxonomy":"product_tag","embeddable":true,"href":"https:\/\/tugraotocikma.com\/index.php\/wp-json\/wp\/v2\/product_tag?post=12009"}],"curies":[{"name":"wp","href":"https:\/\/api.w.org\/{rel}","templated":true}]}}