{"id":12005,"date":"2023-08-22T10:52:05","date_gmt":"2023-08-22T07:52:05","guid":{"rendered":"http:\/\/tugraotocikma.com\/?post_type=product&#038;p=12005"},"modified":"2023-08-22T10:52:06","modified_gmt":"2023-08-22T07:52:06","slug":"toyota-corolla-2013-2015-model-cikma-orjinal-on-tampon","status":"publish","type":"product","link":"https:\/\/tugraotocikma.com\/index.php\/product\/toyota-corolla-2013-2015-model-cikma-orjinal-on-tampon\/","title":{"rendered":"Toyota Corolla 2013 2015 Model \u00c7\u0131kma Orjinal \u00d6n tampon"},"content":{"rendered":"","protected":false},"excerpt":{"rendered":"","protected":false},"featured_media":12006,"template":"","meta":[],"product_brand":[],"product_cat":[527,514,490],"product_tag":[],"class_list":{"0":"post-12005","1":"product","2":"type-product","3":"status-publish","4":"has-post-thumbnail","6":"product_cat-corolla","7":"product_cat-tampon","8":"product_cat-toyota","10":"first","11":"instock","12":"shipping-taxable","13":"product-type-simple"},"_links":{"self":[{"href":"https:\/\/tugraotocikma.com\/index.php\/wp-json\/wp\/v2\/product\/12005","targetHints":{"allow":["GET"]}}],"collection":[{"href":"https:\/\/tugraotocikma.com\/index.php\/wp-json\/wp\/v2\/product"}],"about":[{"href":"https:\/\/tugraotocikma.com\/index.php\/wp-json\/wp\/v2\/types\/product"}],"version-history":[{"count":0,"href":"https:\/\/tugraotocikma.com\/index.php\/wp-json\/wp\/v2\/product\/12005\/revisions"}],"wp:featuredmedia":[{"embeddable":true,"href":"https:\/\/tugraotocikma.com\/index.php\/wp-json\/wp\/v2\/media\/12006"}],"wp:attachment":[{"href":"https:\/\/tugraotocikma.com\/index.php\/wp-json\/wp\/v2\/media?parent=12005"}],"wp:term":[{"taxonomy":"product_brand","embeddable":true,"href":"https:\/\/tugraotocikma.com\/index.php\/wp-json\/wp\/v2\/product_brand?post=12005"},{"taxonomy":"product_cat","embeddable":true,"href":"https:\/\/tugraotocikma.com\/index.php\/wp-json\/wp\/v2\/product_cat?post=12005"},{"taxonomy":"product_tag","embeddable":true,"href":"https:\/\/tugraotocikma.com\/index.php\/wp-json\/wp\/v2\/product_tag?post=12005"}],"curies":[{"name":"wp","href":"https:\/\/api.w.org\/{rel}","templated":true}]}}