{"id":11926,"date":"2023-08-21T12:15:47","date_gmt":"2023-08-21T09:15:47","guid":{"rendered":"http:\/\/tugraotocikma.com\/?post_type=product&#038;p=11926"},"modified":"2023-08-21T12:15:48","modified_gmt":"2023-08-21T09:15:48","slug":"toyota-corolla-2003-2007-cikma-orjinal-sag-on-kapi","status":"publish","type":"product","link":"https:\/\/tugraotocikma.com\/index.php\/product\/toyota-corolla-2003-2007-cikma-orjinal-sag-on-kapi\/","title":{"rendered":"Toyota Corolla 2003-2007 \u00c7\u0131kma Orjinal Sa\u011f \u00d6n Kap\u0131"},"content":{"rendered":"","protected":false},"excerpt":{"rendered":"","protected":false},"featured_media":11927,"template":"","meta":[],"product_brand":[],"product_cat":[527,507,490],"product_tag":[],"class_list":{"0":"post-11926","1":"product","2":"type-product","3":"status-publish","4":"has-post-thumbnail","6":"product_cat-corolla","7":"product_cat-kapi","8":"product_cat-toyota","10":"first","11":"instock","12":"shipping-taxable","13":"product-type-simple"},"_links":{"self":[{"href":"https:\/\/tugraotocikma.com\/index.php\/wp-json\/wp\/v2\/product\/11926","targetHints":{"allow":["GET"]}}],"collection":[{"href":"https:\/\/tugraotocikma.com\/index.php\/wp-json\/wp\/v2\/product"}],"about":[{"href":"https:\/\/tugraotocikma.com\/index.php\/wp-json\/wp\/v2\/types\/product"}],"version-history":[{"count":0,"href":"https:\/\/tugraotocikma.com\/index.php\/wp-json\/wp\/v2\/product\/11926\/revisions"}],"wp:featuredmedia":[{"embeddable":true,"href":"https:\/\/tugraotocikma.com\/index.php\/wp-json\/wp\/v2\/media\/11927"}],"wp:attachment":[{"href":"https:\/\/tugraotocikma.com\/index.php\/wp-json\/wp\/v2\/media?parent=11926"}],"wp:term":[{"taxonomy":"product_brand","embeddable":true,"href":"https:\/\/tugraotocikma.com\/index.php\/wp-json\/wp\/v2\/product_brand?post=11926"},{"taxonomy":"product_cat","embeddable":true,"href":"https:\/\/tugraotocikma.com\/index.php\/wp-json\/wp\/v2\/product_cat?post=11926"},{"taxonomy":"product_tag","embeddable":true,"href":"https:\/\/tugraotocikma.com\/index.php\/wp-json\/wp\/v2\/product_tag?post=11926"}],"curies":[{"name":"wp","href":"https:\/\/api.w.org\/{rel}","templated":true}]}}