{"id":11897,"date":"2023-08-21T11:41:09","date_gmt":"2023-08-21T08:41:09","guid":{"rendered":"http:\/\/tugraotocikma.com\/?post_type=product&#038;p=11897"},"modified":"2023-08-21T11:41:10","modified_gmt":"2023-08-21T08:41:10","slug":"toyota-corolla-101-kasa-93-98-sag-on-sag-arka-orijinal-kapi","status":"publish","type":"product","link":"https:\/\/tugraotocikma.com\/index.php\/product\/toyota-corolla-101-kasa-93-98-sag-on-sag-arka-orijinal-kapi\/","title":{"rendered":"Toyota Corolla 101 Kasa 93 98 Sa\u011f \u00d6n Sa\u011f Arka Orijinal Kap\u0131"},"content":{"rendered":"","protected":false},"excerpt":{"rendered":"","protected":false},"featured_media":11898,"template":"","meta":[],"product_brand":[],"product_cat":[527,507,490],"product_tag":[],"class_list":{"0":"post-11897","1":"product","2":"type-product","3":"status-publish","4":"has-post-thumbnail","6":"product_cat-corolla","7":"product_cat-kapi","8":"product_cat-toyota","10":"first","11":"instock","12":"shipping-taxable","13":"product-type-simple"},"_links":{"self":[{"href":"https:\/\/tugraotocikma.com\/index.php\/wp-json\/wp\/v2\/product\/11897","targetHints":{"allow":["GET"]}}],"collection":[{"href":"https:\/\/tugraotocikma.com\/index.php\/wp-json\/wp\/v2\/product"}],"about":[{"href":"https:\/\/tugraotocikma.com\/index.php\/wp-json\/wp\/v2\/types\/product"}],"version-history":[{"count":0,"href":"https:\/\/tugraotocikma.com\/index.php\/wp-json\/wp\/v2\/product\/11897\/revisions"}],"wp:featuredmedia":[{"embeddable":true,"href":"https:\/\/tugraotocikma.com\/index.php\/wp-json\/wp\/v2\/media\/11898"}],"wp:attachment":[{"href":"https:\/\/tugraotocikma.com\/index.php\/wp-json\/wp\/v2\/media?parent=11897"}],"wp:term":[{"taxonomy":"product_brand","embeddable":true,"href":"https:\/\/tugraotocikma.com\/index.php\/wp-json\/wp\/v2\/product_brand?post=11897"},{"taxonomy":"product_cat","embeddable":true,"href":"https:\/\/tugraotocikma.com\/index.php\/wp-json\/wp\/v2\/product_cat?post=11897"},{"taxonomy":"product_tag","embeddable":true,"href":"https:\/\/tugraotocikma.com\/index.php\/wp-json\/wp\/v2\/product_tag?post=11897"}],"curies":[{"name":"wp","href":"https:\/\/api.w.org\/{rel}","templated":true}]}}