{"id":11877,"date":"2023-08-21T10:36:26","date_gmt":"2023-08-21T07:36:26","guid":{"rendered":"http:\/\/tugraotocikma.com\/?post_type=product&#038;p=11877"},"modified":"2023-08-21T10:36:26","modified_gmt":"2023-08-21T07:36:26","slug":"volkswagen-polo-i1-4-tdi-bnm-amf-komple-cikma-orjinal-motor","status":"publish","type":"product","link":"https:\/\/tugraotocikma.com\/index.php\/product\/volkswagen-polo-i1-4-tdi-bnm-amf-komple-cikma-orjinal-motor\/","title":{"rendered":"Volkswagen Polo i1.4 TD\u0130 bnm amf Komple \u00c7\u0131kma Orjinal Motor"},"content":{"rendered":"","protected":false},"excerpt":{"rendered":"","protected":false},"featured_media":11878,"template":"","meta":[],"product_brand":[],"product_cat":[544,540,546,498,537,493,494,492],"product_tag":[],"class_list":{"0":"post-11877","1":"product","2":"type-product","3":"status-publish","4":"has-post-thumbnail","6":"product_cat-cordoba","7":"product_cat-fabia","8":"product_cat-ibiza","9":"product_cat-motor","10":"product_cat-polo","11":"product_cat-seat","12":"product_cat-skoda","13":"product_cat-volkswagen","15":"first","16":"instock","17":"shipping-taxable","18":"product-type-simple"},"_links":{"self":[{"href":"https:\/\/tugraotocikma.com\/index.php\/wp-json\/wp\/v2\/product\/11877","targetHints":{"allow":["GET"]}}],"collection":[{"href":"https:\/\/tugraotocikma.com\/index.php\/wp-json\/wp\/v2\/product"}],"about":[{"href":"https:\/\/tugraotocikma.com\/index.php\/wp-json\/wp\/v2\/types\/product"}],"version-history":[{"count":0,"href":"https:\/\/tugraotocikma.com\/index.php\/wp-json\/wp\/v2\/product\/11877\/revisions"}],"wp:featuredmedia":[{"embeddable":true,"href":"https:\/\/tugraotocikma.com\/index.php\/wp-json\/wp\/v2\/media\/11878"}],"wp:attachment":[{"href":"https:\/\/tugraotocikma.com\/index.php\/wp-json\/wp\/v2\/media?parent=11877"}],"wp:term":[{"taxonomy":"product_brand","embeddable":true,"href":"https:\/\/tugraotocikma.com\/index.php\/wp-json\/wp\/v2\/product_brand?post=11877"},{"taxonomy":"product_cat","embeddable":true,"href":"https:\/\/tugraotocikma.com\/index.php\/wp-json\/wp\/v2\/product_cat?post=11877"},{"taxonomy":"product_tag","embeddable":true,"href":"https:\/\/tugraotocikma.com\/index.php\/wp-json\/wp\/v2\/product_tag?post=11877"}],"curies":[{"name":"wp","href":"https:\/\/api.w.org\/{rel}","templated":true}]}}