{"id":11825,"date":"2023-08-19T18:36:30","date_gmt":"2023-08-19T15:36:30","guid":{"rendered":"http:\/\/tugraotocikma.com\/?post_type=product&#038;p=11825"},"modified":"2023-08-19T18:36:30","modified_gmt":"2023-08-19T15:36:30","slug":"toyota-hilux-2007-2011-cikma-orjinal-turbo-delikli-on-kaput","status":"publish","type":"product","link":"https:\/\/tugraotocikma.com\/index.php\/product\/toyota-hilux-2007-2011-cikma-orjinal-turbo-delikli-on-kaput\/","title":{"rendered":"Toyota Hilux 2007-2011 \u00c7\u0131kma Orjinal Turbo Delikli \u00d6n Kaput"},"content":{"rendered":"","protected":false},"excerpt":{"rendered":"","protected":false},"featured_media":11826,"template":"","meta":[],"product_brand":[],"product_cat":[560,490],"product_tag":[],"class_list":{"0":"post-11825","1":"product","2":"type-product","3":"status-publish","4":"has-post-thumbnail","6":"product_cat-hilux","7":"product_cat-toyota","9":"first","10":"instock","11":"shipping-taxable","12":"product-type-simple"},"_links":{"self":[{"href":"https:\/\/tugraotocikma.com\/index.php\/wp-json\/wp\/v2\/product\/11825","targetHints":{"allow":["GET"]}}],"collection":[{"href":"https:\/\/tugraotocikma.com\/index.php\/wp-json\/wp\/v2\/product"}],"about":[{"href":"https:\/\/tugraotocikma.com\/index.php\/wp-json\/wp\/v2\/types\/product"}],"version-history":[{"count":0,"href":"https:\/\/tugraotocikma.com\/index.php\/wp-json\/wp\/v2\/product\/11825\/revisions"}],"wp:featuredmedia":[{"embeddable":true,"href":"https:\/\/tugraotocikma.com\/index.php\/wp-json\/wp\/v2\/media\/11826"}],"wp:attachment":[{"href":"https:\/\/tugraotocikma.com\/index.php\/wp-json\/wp\/v2\/media?parent=11825"}],"wp:term":[{"taxonomy":"product_brand","embeddable":true,"href":"https:\/\/tugraotocikma.com\/index.php\/wp-json\/wp\/v2\/product_brand?post=11825"},{"taxonomy":"product_cat","embeddable":true,"href":"https:\/\/tugraotocikma.com\/index.php\/wp-json\/wp\/v2\/product_cat?post=11825"},{"taxonomy":"product_tag","embeddable":true,"href":"https:\/\/tugraotocikma.com\/index.php\/wp-json\/wp\/v2\/product_tag?post=11825"}],"curies":[{"name":"wp","href":"https:\/\/api.w.org\/{rel}","templated":true}]}}