{"id":11727,"date":"2023-08-07T13:44:44","date_gmt":"2023-08-07T10:44:44","guid":{"rendered":"http:\/\/tugraotocikma.com\/?post_type=product&#038;p=11727"},"modified":"2023-08-07T13:44:44","modified_gmt":"2023-08-07T10:44:44","slug":"cikma-orijinal-direksiyon-pompasi","status":"publish","type":"product","link":"https:\/\/tugraotocikma.com\/index.php\/product\/cikma-orijinal-direksiyon-pompasi\/","title":{"rendered":"\u00c7\u0131kma Orijinal Direksiyon Pompas\u0131"},"content":{"rendered":"<p>90-91 Model Ara\u00e7lar \u0130\u00e7in \u00c7\u0131kma Orijinal Direksiyon Pompas\u0131<\/p>\n","protected":false},"excerpt":{"rendered":"<p>90-91 Model Ara\u00e7lar \u0130\u00e7in \u00c7\u0131kma Orijinal Direksiyon Pompas\u0131<\/p>\n","protected":false},"featured_media":11726,"template":"","meta":[],"product_brand":[],"product_cat":[523,505],"product_tag":[],"class_list":{"0":"post-11727","1":"product","2":"type-product","3":"status-publish","4":"has-post-thumbnail","6":"product_cat-civic","7":"product_cat-direksiyon","9":"first","10":"instock","11":"shipping-taxable","12":"product-type-simple"},"_links":{"self":[{"href":"https:\/\/tugraotocikma.com\/index.php\/wp-json\/wp\/v2\/product\/11727","targetHints":{"allow":["GET"]}}],"collection":[{"href":"https:\/\/tugraotocikma.com\/index.php\/wp-json\/wp\/v2\/product"}],"about":[{"href":"https:\/\/tugraotocikma.com\/index.php\/wp-json\/wp\/v2\/types\/product"}],"version-history":[{"count":0,"href":"https:\/\/tugraotocikma.com\/index.php\/wp-json\/wp\/v2\/product\/11727\/revisions"}],"wp:featuredmedia":[{"embeddable":true,"href":"https:\/\/tugraotocikma.com\/index.php\/wp-json\/wp\/v2\/media\/11726"}],"wp:attachment":[{"href":"https:\/\/tugraotocikma.com\/index.php\/wp-json\/wp\/v2\/media?parent=11727"}],"wp:term":[{"taxonomy":"product_brand","embeddable":true,"href":"https:\/\/tugraotocikma.com\/index.php\/wp-json\/wp\/v2\/product_brand?post=11727"},{"taxonomy":"product_cat","embeddable":true,"href":"https:\/\/tugraotocikma.com\/index.php\/wp-json\/wp\/v2\/product_cat?post=11727"},{"taxonomy":"product_tag","embeddable":true,"href":"https:\/\/tugraotocikma.com\/index.php\/wp-json\/wp\/v2\/product_tag?post=11727"}],"curies":[{"name":"wp","href":"https:\/\/api.w.org\/{rel}","templated":true}]}}